{"id":2905,"date":"2026-02-18T09:53:52","date_gmt":"2026-02-18T09:53:52","guid":{"rendered":"https:\/\/somallorca.com\/accesibilidad\/"},"modified":"2026-04-01T21:24:05","modified_gmt":"2026-04-01T21:24:05","slug":"accesibilidad","status":"publish","type":"page","link":"https:\/\/somallorca.com\/es\/accesibilidad\/","title":{"rendered":"Accesibilidad"},"content":{"rendered":"\t\t<div data-elementor-type=\"wp-page\" data-elementor-id=\"2905\" class=\"elementor elementor-2905 elementor-1198\" data-elementor-post-type=\"page\">\n\t\t\t\t<div class=\"elementor-element elementor-element-78363e64 e-con-full e-flex e-con e-parent\" data-id=\"78363e64\" data-element_type=\"container\" data-e-type=\"container\">\n\t\t\t\t<div class=\"elementor-element elementor-element-2a9c321 elementor-widget elementor-widget-heading\" data-id=\"2a9c321\" data-element_type=\"widget\" data-e-type=\"widget\" data-widget_type=\"heading.default\">\n\t\t\t\t\t<h1 class=\"elementor-heading-title elementor-size-default\">Accesibilidad<\/h1>\t\t\t\t<\/div>\n\t\t\t\t<div class=\"elementor-element elementor-element-5f43c413 elementor-widget__width-initial elementor-widget elementor-widget-text-editor\" data-id=\"5f43c413\" data-element_type=\"widget\" data-e-type=\"widget\" data-widget_type=\"text-editor.default\">\n\t\t\t\t\t\t\t\t\t\n<p data-start=\"0\" data-end=\"76\">Esta declaraci\u00f3n de accesibilidad se aplica al sitio web. https:\/\/somallorca.com<\/p>\n<p data-start=\"78\" data-end=\"99\"><strong data-start=\"78\" data-end=\"99\">ESTADO DE CUMPLIMIENTO<\/strong><\/p>\n<p data-start=\"101\" data-end=\"267\">Este sitio web cumple parcialmente con el Real Decreto 1112\/2018 (RD 1112\/2018) debido a las excepciones y aspectos no conformes indicados en el siguiente apartado.<\/p>\n<p data-start=\"269\" data-end=\"295\"><strong data-start=\"269\" data-end=\"295\">CONTENIDO NO ACCESIBLE<\/strong><\/p>\n<p data-start=\"297\" data-end=\"366\">El contenido que se enumera a continuaci\u00f3n no es accesible por los siguientes motivos:<\/p>\n<p data-start=\"368\" data-end=\"404\"><strong data-start=\"368\" data-end=\"404\">Incumplimiento del RD 1112\/2018<\/strong><\/p>\n<ul data-start=\"406\" data-end=\"1090\">\n<li data-start=\"406\" data-end=\"586\">\n<p data-start=\"408\" data-end=\"586\">Es posible que algunos aspectos de contraste no cumplan con la proporci\u00f3n m\u00ednima requerida de 3:1 con respecto a los colores de fondo adyacentes en ciertas secciones del sitio web. [9.1.4.11 Contraste sin texto] <\/p>\n<\/li>\n<li data-start=\"587\" data-end=\"679\">\n<p data-start=\"589\" data-end=\"679\">Es posible que algunas etiquetas o instrucciones no est\u00e9n correctamente etiquetadas. [9.3.3.2 Etiquetas o instrucciones] <\/p>\n<\/li>\n<li data-start=\"680\" data-end=\"775\">\n<p data-start=\"682\" data-end=\"775\">Es posible que algunos mensajes de estado no cumplan con los est\u00e1ndares m\u00ednimos requeridos. [9.4.1.3 Mensajes de estado] <\/p>\n<\/li>\n<li data-start=\"776\" data-end=\"888\">\n<p data-start=\"778\" data-end=\"888\">Es posible que algunas sugerencias de errores no cumplan con los est\u00e1ndares m\u00ednimos requeridos. [9.3.3.3 Sugerencia de error (condicional)] <\/p>\n<\/li>\n<li data-start=\"889\" data-end=\"1027\">\n<p data-start=\"891\" data-end=\"1027\">Pueden producirse problemas puntuales en la navegaci\u00f3n secuencial por el sitio web, afectando a su significado o funcionamiento. [9.2.4.3 Orden de enfoque] <\/p>\n<\/li>\n<li data-start=\"1028\" data-end=\"1090\">\n<p data-start=\"1030\" data-end=\"1090\">Puede haber errores de edici\u00f3n ocasionales en determinadas p\u00e1ginas web.<\/p>\n<\/li>\n<\/ul>\n<p data-start=\"1092\" data-end=\"1119\"><strong data-start=\"1092\" data-end=\"1119\">Carga desproporcionada<\/strong><\/p>\n<p data-start=\"1121\" data-end=\"1136\">No aplicable.<\/p>\n<p data-start=\"1138\" data-end=\"1185\"><strong data-start=\"1138\" data-end=\"1185\">PREPARACI\u00d3N DE ESTA DECLARACI\u00d3N DE ACCESIBILIDAD<\/strong><\/p>\n<p data-start=\"1187\" data-end=\"1235\">Esta declaraci\u00f3n fue preparada el 18 de febrero de 2026.<\/p>\n<p data-start=\"1237\" data-end=\"1335\">El m\u00e9todo utilizado para elaborar esta declaraci\u00f3n fue una autoevaluaci\u00f3n realizada por la propia empresa.<\/p>\n<p data-start=\"1337\" data-end=\"1373\"><strong data-start=\"1337\" data-end=\"1373\">COMENTARIOS E INFORMACI\u00d3N DE CONTACTO<\/strong><\/p>\n<p data-start=\"1375\" data-end=\"1488\">Podr\u00e1 presentar comunicaciones relativas a requisitos de accesibilidad (art\u00edculo 10.2.a del RD 1112\/2018), por ejemplo:<\/p>\n<ul data-start=\"1490\" data-end=\"1709\">\n<li data-start=\"1490\" data-end=\"1547\">\n<p data-start=\"1492\" data-end=\"1547\">Informar de cualquier posible incumplimiento por parte de este sitio web<\/p>\n<\/li>\n<li data-start=\"1548\" data-end=\"1606\">\n<p data-start=\"1550\" data-end=\"1606\">Comunicar otras dificultades para acceder al contenido.<\/p>\n<\/li>\n<li data-start=\"1607\" data-end=\"1709\">\n<p data-start=\"1609\" data-end=\"1709\">Realizar cualquier otra consulta o sugerencia de mejora relacionada con la accesibilidad del sitio web<\/p>\n<\/li>\n<\/ul>\n<p data-start=\"1711\" data-end=\"1753\">A trav\u00e9s del correo electr\u00f3nico de contacto: <a class=\"decorated-link cursor-pointer\" rel=\"noopener\" data-start=\"1734\" data-end=\"1753\">hola@somallorca.com<\/a><\/p>\n<p data-start=\"1755\" data-end=\"1770\">Puedes enviar:<\/p>\n<ul data-start=\"1772\" data-end=\"2107\">\n<li data-start=\"1772\" data-end=\"1850\">\n<p data-start=\"1774\" data-end=\"1850\">Una denuncia relativa al cumplimiento de los requisitos del RD 1112\/2018, o<\/p>\n<\/li>\n<li data-start=\"1851\" data-end=\"2107\">\n<p data-start=\"1853\" data-end=\"1902\">Una solicitud de informaci\u00f3n accesible sobre:<\/p>\n<ul data-start=\"1906\" data-end=\"2107\">\n<li data-start=\"1906\" data-end=\"1996\">\n<p data-start=\"1908\" data-end=\"1996\">Contenidos excluidos del \u00e1mbito de aplicaci\u00f3n del RD 1112\/2018 seg\u00fan lo establecido en el art\u00edculo 3, apartado 4<\/p>\n<\/li>\n<li data-start=\"1999\" data-end=\"2107\">\n<p data-start=\"2001\" data-end=\"2107\">Contenidos exentos del cumplimiento de requisitos de accesibilidad por imponer una carga desproporcionada<\/p>\n<\/li>\n<\/ul>\n<\/li>\n<\/ul>\n<p data-start=\"2109\" data-end=\"2285\">En la solicitud de informaci\u00f3n accesible se deben expresar claramente los hechos, los motivos y la solicitud espec\u00edfica a fin de establecer que se trata de una solicitud razonable y leg\u00edtima.<\/p>\n<p data-start=\"2287\" data-end=\"2390\">Las quejas y reclamaciones sobre informaci\u00f3n accesible deber\u00e1n presentarse a trav\u00e9s de la direcci\u00f3n de correo electr\u00f3nico antes indicada.<\/p>\n<p data-start=\"2392\" data-end=\"2417\"><strong data-start=\"2392\" data-end=\"2417\">PROCEDIMIENTO DE EJECUCI\u00d3N<\/strong><\/p>\n<p data-start=\"2419\" data-end=\"2786\" data-is-last-node=\"\" data-is-only-node=\"\">Si tras presentar una solicitud de informaci\u00f3n accesible o una queja esta ha sido rechazada, si el solicitante no est\u00e1 de acuerdo con la decisi\u00f3n adoptada, o si la respuesta no cumple los requisitos establecidos en el art\u00edculo 12.5, el interesado podr\u00e1 iniciar una reclamaci\u00f3n formal. Tambi\u00e9n podr\u00e1 iniciarse una reclamaci\u00f3n si han transcurrido veinte d\u00edas h\u00e1biles sin recibir respuesta. <\/p>\n\n<p> <\/p>\t\t\t\t\t\t\t\t<\/div>\n\t\t\t\t<\/div>\n\t\t\t\t<\/div>\n\t\t","protected":false},"excerpt":{"rendered":"<p>Accesibilidad Esta declaraci\u00f3n de accesibilidad se aplica al sitio web. https:\/\/somallorca.com ESTADO DE CUMPLIMIENTO Este sitio web cumple parcialmente con el Real Decreto 1112\/2018 (RD 1112\/2018) debido a las excepciones y aspectos no conformes indicados en el siguiente apartado. CONTENIDO NO ACCESIBLE El contenido que se enumera a continuaci\u00f3n no es accesible por los siguientes [&hellip;]<\/p>\n","protected":false},"author":1,"featured_media":0,"parent":0,"menu_order":0,"comment_status":"closed","ping_status":"closed","template":"","meta":{"footnotes":""},"class_list":["post-2905","page","type-page","status-publish","hentry"],"_links":{"self":[{"href":"https:\/\/somallorca.com\/es\/wp-json\/wp\/v2\/pages\/2905","targetHints":{"allow":["GET"]}}],"collection":[{"href":"https:\/\/somallorca.com\/es\/wp-json\/wp\/v2\/pages"}],"about":[{"href":"https:\/\/somallorca.com\/es\/wp-json\/wp\/v2\/types\/page"}],"author":[{"embeddable":true,"href":"https:\/\/somallorca.com\/es\/wp-json\/wp\/v2\/users\/1"}],"replies":[{"embeddable":true,"href":"https:\/\/somallorca.com\/es\/wp-json\/wp\/v2\/comments?post=2905"}],"version-history":[{"count":7,"href":"https:\/\/somallorca.com\/es\/wp-json\/wp\/v2\/pages\/2905\/revisions"}],"predecessor-version":[{"id":4258,"href":"https:\/\/somallorca.com\/es\/wp-json\/wp\/v2\/pages\/2905\/revisions\/4258"}],"wp:attachment":[{"href":"https:\/\/somallorca.com\/es\/wp-json\/wp\/v2\/media?parent=2905"}],"curies":[{"name":"wp","href":"https:\/\/api.w.org\/{rel}","templated":true}]}}