{"id":2676,"date":"2026-02-17T09:52:30","date_gmt":"2026-02-17T09:52:30","guid":{"rendered":"https:\/\/somallorca.com\/contacto\/"},"modified":"2026-04-01T15:53:17","modified_gmt":"2026-04-01T15:53:17","slug":"contacto","status":"publish","type":"page","link":"https:\/\/somallorca.com\/es\/contacto\/","title":{"rendered":"Contacto"},"content":{"rendered":"\t\t<div data-elementor-type=\"wp-page\" data-elementor-id=\"2676\" class=\"elementor elementor-2676 elementor-893\" data-elementor-post-type=\"page\">\n\t\t\t\t<div class=\"elementor-element elementor-element-5580549 e-con-full e-flex e-con e-parent\" data-id=\"5580549\" data-element_type=\"container\" data-e-type=\"container\" data-settings=\"{&quot;background_background&quot;:&quot;classic&quot;}\">\n\t\t<div class=\"elementor-element elementor-element-70ff8bf e-flex e-con-boxed e-con e-child\" data-id=\"70ff8bf\" data-element_type=\"container\" data-e-type=\"container\">\n\t\t\t\t\t<div class=\"e-con-inner\">\n\t\t\t\t\t<\/div>\n\t\t\t\t<\/div>\n\t\t<div class=\"elementor-element elementor-element-7e9cbac e-con-full e-flex e-con e-child\" data-id=\"7e9cbac\" data-element_type=\"container\" data-e-type=\"container\">\n\t\t\t\t<div class=\"elementor-element elementor-element-0e0d580 fadein elementor-widget elementor-widget-heading\" data-id=\"0e0d580\" data-element_type=\"widget\" data-e-type=\"widget\" data-widget_type=\"heading.default\">\n\t\t\t\t\t<h1 class=\"elementor-heading-title elementor-size-default\">Nos encantar\u00e1 saber de ti.<\/h1>\t\t\t\t<\/div>\n\t\t\t\t<div class=\"elementor-element elementor-element-5aedd39 elementor-widget__width-initial fadein elementor-widget elementor-widget-text-editor\" data-id=\"5aedd39\" data-element_type=\"widget\" data-e-type=\"widget\" data-widget_type=\"text-editor.default\">\n\t\t\t\t\t\t\t\t\tTanto si tienes una pregunta, quieres colaborar <br>o simplemente quieres saludar, as\u00ed es como puedes contactar con nosotros.\t\t\t\t\t\t\t\t<\/div>\n\t\t\t\t<\/div>\n\t\t<div class=\"elementor-element elementor-element-ac9462c e-con-full e-flex e-con e-child\" data-id=\"ac9462c\" data-element_type=\"container\" data-e-type=\"container\">\n\t\t\t\t<div class=\"elementor-element elementor-element-63a47dd fadein elementor-widget elementor-widget-text-editor\" data-id=\"63a47dd\" data-element_type=\"widget\" data-e-type=\"widget\" data-widget_type=\"text-editor.default\">\n\t\t\t\t\t\t\t\t\t<p><a href=\"https:\/\/maps.app.goo.gl\/6QDUXz6HoeWymqi6A\">Carrer Nuredduna 24, Palma, Mallorca, Spain<\/a><\/p><p><a href=\"mailto:hola@somallorca.com\">hola@somallorca.com<\/a><\/p><p><a href=\"https:\/\/instagram.com\/so.mallorca\">@so.mallorca<\/a><\/p>\t\t\t\t\t\t\t\t<\/div>\n\t\t\t\t<\/div>\n\t\t\t\t<\/div>\n\t\t<div class=\"elementor-element elementor-element-7baee4a e-con-full dark-section-trigger e-flex e-con e-parent\" data-id=\"7baee4a\" data-element_type=\"container\" data-e-type=\"container\">\n\t\t\t\t<div class=\"elementor-element elementor-element-2bcf889 fadein elementor-widget elementor-widget-heading\" data-id=\"2bcf889\" data-element_type=\"widget\" data-e-type=\"widget\" data-widget_type=\"heading.default\">\n\t\t\t\t\t<h2 class=\"elementor-heading-title elementor-size-default\">VIS\u00cdTANOS<\/h2>\t\t\t\t<\/div>\n\t\t\t\t<div class=\"elementor-element elementor-element-3e69d21 elementor-widget__width-initial fadein elementor-widget elementor-widget-text-editor\" data-id=\"3e69d21\" data-element_type=\"widget\" data-e-type=\"widget\" data-widget_type=\"text-editor.default\">\n\t\t\t\t\t\t\t\t\tEntra en nuestros espacios y mu\u00e9vete a tu propio ritmo. Descubre cu\u00e1ndo est\u00e1 abierta cada zona. \t\t\t\t\t\t\t\t<\/div>\n\t\t<div class=\"elementor-element elementor-element-267c7c2 e-flex e-con-boxed e-con e-child\" data-id=\"267c7c2\" data-element_type=\"container\" data-e-type=\"container\">\n\t\t\t\t\t<div class=\"e-con-inner\">\n\t\t<div class=\"elementor-element elementor-element-fc7edf5 e-con-full e-flex elementor-invisible e-con e-child\" data-id=\"fc7edf5\" data-element_type=\"container\" data-e-type=\"container\" data-settings=\"{&quot;animation&quot;:&quot;fadeIn&quot;}\">\n\t\t\t\t<div class=\"elementor-element elementor-element-7e4bf19 hover-swap elementor-view-default elementor-widget elementor-widget-icon\" data-id=\"7e4bf19\" data-element_type=\"widget\" data-e-type=\"widget\" data-widget_type=\"icon.default\">\n\t\t\t\t\t\t\t<div class=\"elementor-icon-wrapper\">\n\t\t\t<div class=\"elementor-icon\">\n\t\t\t<svg xmlns=\"http:\/\/www.w3.org\/2000\/svg\" width=\"83\" height=\"45\" viewBox=\"0 0 83 45\" fill=\"none\"><path d=\"M71.9854 31.4844H74.5685L77.2043 40.6043H77.3624L79.8137 31.4844H82.7395L78.5222 44.2153H75.7809L73.2769 35.4908H73.1188L70.6148 44.2153H67.8735L63.6562 31.4844H66.6083L69.1914 40.6043H69.3496L71.9854 31.4844Z\" fill=\"#4D4237\"><\/path><path d=\"M40.1641 37.8141C40.1641 34.0713 42.8789 31.0664 46.9117 31.0664C50.9709 31.0664 53.7121 34.0713 53.7121 37.8141C53.7121 41.636 50.9709 44.6145 46.9117 44.6145C42.8789 44.6145 40.1641 41.636 40.1641 37.8141ZM42.9844 37.8141C42.9844 40.2654 44.4341 42.3477 46.9117 42.3477C49.4421 42.3477 50.9181 40.2654 50.9181 37.8141C50.9181 35.4419 49.4421 33.3332 46.9117 33.3332C44.4341 33.3332 42.9844 35.4419 42.9844 37.8141Z\" fill=\"#4D4237\"><\/path><path d=\"M28.4805 44.2163H25.7656L25.7656 25.7657H28.4805L28.4805 44.2163Z\" fill=\"#4D4237\"><\/path><path d=\"M0 31.4863H2.34587L2.34587 29.1667C2.34587 26.3992 4.34908 25.4766 6.03599 25.4766C7.0376 25.4766 8.32914 25.7929 8.82994 26.0829L8.32914 28.3496C8.01284 28.1124 7.09031 27.8752 6.56315 27.8752C5.64062 27.8752 5.06074 28.3496 5.06074 29.1667V31.4863H8.40821V33.6213H5.06074L5.06074 44.2172H2.34587L2.34587 33.6213H0L0 31.4863Z\" fill=\"#4D4237\"><\/path><path d=\"M46.5 6.80238C46.5 3.05953 49.2149 0.054718 53.2477 0.054718C57.3068 0.054718 60.048 3.05953 60.048 6.80238C60.048 10.6243 57.3068 13.6028 53.2477 13.6028C49.2149 13.6028 46.5 10.6243 46.5 6.80238ZM49.3203 6.80238C49.3203 9.25367 50.77 11.336 53.2477 11.336C55.778 11.336 57.2541 9.25367 57.2541 6.80238C57.2541 4.43015 55.778 2.32151 53.2477 2.32151C50.77 2.32151 49.3203 4.43015 49.3203 6.80238Z\" fill=\"#4D4237\"><\/path><path d=\"M35.1972 1.47605L34.1692 3.55834C33.3258 3.08389 31.2962 2.26679 29.4511 2.26679C28.0805 2.26679 26.8681 2.71488 26.8681 3.74284C26.8681 5.03439 28.8449 5.16618 29.9783 5.21889C32.2187 5.32432 36.0407 5.53519 36.0407 9.22531C36.0407 12.2565 33.4312 13.6535 30.0837 13.6535C27.1053 13.6535 25.023 12.5464 23.7578 11.703L24.7858 9.64704C25.9719 10.3587 27.7379 11.3867 30.0574 11.3867C31.9288 11.3867 33.3258 10.7277 33.3258 9.48889C33.3258 8.0392 31.3753 7.88105 29.9783 7.80198C27.3161 7.64383 24.1532 7.40661 24.1532 4.05914C24.1532 0.948889 26.9208 0 29.3984 0C31.797 0 34.1956 0.896174 35.1972 1.47605Z\" fill=\"#4D4237\"><\/path><\/svg>\t\t\t<\/div>\n\t\t<\/div>\n\t\t\t\t\t\t<\/div>\n\t\t\t\t<div class=\"elementor-element elementor-element-e21c359 elementor-widget elementor-widget-text-editor\" data-id=\"e21c359\" data-element_type=\"widget\" data-e-type=\"widget\" data-widget_type=\"text-editor.default\">\n\t\t\t\t\t\t\t\t\t<p>Lunes &#8211; S\u00e1bado<\/p><p>7:30 am &#8211; 9:00 pm<\/p>\t\t\t\t\t\t\t\t<\/div>\n\t\t\t\t<\/div>\n\t\t<div class=\"elementor-element elementor-element-abfd21e e-con-full e-flex elementor-invisible e-con e-child\" data-id=\"abfd21e\" data-element_type=\"container\" data-e-type=\"container\" data-settings=\"{&quot;animation&quot;:&quot;fadeIn&quot;,&quot;animation_delay&quot;:100}\">\n\t\t\t\t<div class=\"elementor-element elementor-element-d274439 hover-swap elementor-view-default elementor-widget elementor-widget-icon\" data-id=\"d274439\" data-element_type=\"widget\" data-e-type=\"widget\" data-widget_type=\"icon.default\">\n\t\t\t\t\t\t\t<div class=\"elementor-icon-wrapper\">\n\t\t\t<div class=\"elementor-icon\">\n\t\t\t<svg xmlns=\"http:\/\/www.w3.org\/2000\/svg\" width=\"83\" height=\"45\" viewBox=\"0 0 83 45\" fill=\"none\"><path d=\"M46.2969 6.80234C46.2969 3.0595 49.0118 0.0546875 53.0445 0.0546875C57.1037 0.0546875 59.8449 3.0595 59.8449 6.80234C59.8449 10.6243 57.1037 13.6027 53.0445 13.6027C49.0118 13.6027 46.2969 10.6243 46.2969 6.80234ZM49.1172 6.80234C49.1172 9.25364 50.5669 11.3359 53.0445 11.3359C55.5749 11.3359 57.051 9.25364 57.051 6.80234C57.051 4.43012 55.5749 2.32148 53.0445 2.32148C50.5669 2.32148 49.1172 4.43012 49.1172 6.80234Z\" fill=\"#4D4237\"><\/path><path d=\"M34.9941 1.47608L33.9661 3.55837C33.1227 3.08392 31.0931 2.26682 29.248 2.26682C27.8774 2.26682 26.6649 2.71491 26.6649 3.74287C26.6649 5.03442 28.6418 5.16621 29.7752 5.21892C32.0156 5.32435 35.8375 5.53522 35.8375 9.22534C35.8375 12.2565 33.2281 13.6535 29.8806 13.6535C26.9022 13.6535 24.8199 12.5465 23.5547 11.703L24.5827 9.64707C25.7688 10.3587 27.5348 11.3867 29.8543 11.3867C31.7257 11.3867 33.1227 10.7278 33.1227 9.48892C33.1227 8.03923 31.1722 7.88108 29.7752 7.80201C27.113 7.64386 23.9501 7.40664 23.9501 4.05917C23.9501 0.948919 26.7177 3.05176e-05 29.1953 3.05176e-05C31.5939 3.05176e-05 33.9925 0.896205 34.9941 1.47608Z\" fill=\"#4D4237\"><\/path><path d=\"M74.0136 35.4906V44.2152H71.2724V35.5961C71.2724 34.4363 70.2972 33.4611 68.9265 33.4611C67.5032 33.4611 66.4489 34.489 65.7109 35.4906V44.2152H62.996V34.9635C62.996 33.8301 62.9169 32.6967 62.6797 31.4842H65.1573C65.3155 32.1432 65.3682 32.6176 65.4209 33.3556C66.3171 32.1959 67.3978 31.0625 69.3746 31.0625C71.246 31.0625 72.8275 32.0641 73.5656 33.6192C74.4617 32.2486 75.7269 31.0625 77.6774 31.0625C80.2605 31.0625 82.3164 32.9603 82.3164 35.5961V44.2152H79.5752V35.5961C79.5752 34.4363 78.5999 33.4611 77.2293 33.4611C75.806 33.4611 74.7517 34.489 74.0136 35.4906Z\" fill=\"#4D4237\"><\/path><path d=\"M50.3946 44.2163H47.6797V25.7656H50.3946V44.2163Z\" fill=\"#4D4237\"><\/path><path d=\"M24.3383 34.9371L23.3894 32.6967C24.5491 31.985 26.8159 31.0625 29.4254 31.0625C32.2984 31.0625 35.1978 32.0114 35.1978 34.8053V41.922C35.1978 42.581 35.2505 43.5299 35.5404 44.2152H32.7992C32.6411 43.8461 32.5356 43.1345 32.4829 42.6337C31.4813 43.5035 30.0843 44.4787 27.633 44.4787C24.6019 44.4787 22.625 42.6864 22.625 40.1033C22.625 37.8365 24.7073 36.0178 28.5028 36.0178C29.8998 36.0178 31.5867 36.3341 32.4829 36.9931V35.5961C32.4829 34.041 31.1123 33.382 29.2936 33.382C27.3167 33.382 25.2344 34.3045 24.3383 34.9371ZM28.2129 42.212C30.5851 42.212 32.2193 40.6832 32.4829 40.3932V39.1017C31.903 38.68 30.5588 38.1528 28.9509 38.1528C26.2888 38.1528 25.3662 38.9963 25.3662 40.1033C25.3662 41.2894 26.3942 42.212 28.2129 42.212Z\" fill=\"#4D4237\"><\/path><path d=\"M12.2565 33.1448L10.4378 34.9635C9.43618 33.9619 8.06556 33.4611 6.80037 33.4611C4.69173 33.4611 2.97846 35.1744 2.97846 37.8102C2.97846 40.4987 4.77081 42.212 6.95852 42.212C8.54 42.212 9.80519 41.4212 10.7541 40.4723L12.5728 42.1856C12.0456 42.8182 10.0161 44.6105 6.69494 44.6105C3.08389 44.6105 0 41.9484 0 37.8102C0 33.751 3.05753 31.0625 6.80037 31.0625C8.75087 31.0625 10.7277 31.7214 12.2565 33.1448Z\" fill=\"#4D4237\"><\/path><\/svg>\t\t\t<\/div>\n\t\t<\/div>\n\t\t\t\t\t\t<\/div>\n\t\t\t\t<div class=\"elementor-element elementor-element-8a32993 elementor-widget elementor-widget-text-editor\" data-id=\"8a32993\" data-element_type=\"widget\" data-e-type=\"widget\" data-widget_type=\"text-editor.default\">\n\t\t\t\t\t\t\t\t\t<p>Lunes &#8211; S\u00e1bado<\/p><p>10:00 am &#8211; 8:00 pm<\/p>\t\t\t\t\t\t\t\t<\/div>\n\t\t\t\t<\/div>\n\t\t<div class=\"elementor-element elementor-element-c4b8858 e-con-full e-flex elementor-invisible e-con e-child\" data-id=\"c4b8858\" data-element_type=\"container\" data-e-type=\"container\" data-settings=\"{&quot;animation&quot;:&quot;fadeIn&quot;,&quot;animation_delay&quot;:300}\">\n\t\t\t\t<div class=\"elementor-element elementor-element-799bab1 hover-swap elementor-view-default elementor-widget elementor-widget-icon\" data-id=\"799bab1\" data-element_type=\"widget\" data-e-type=\"widget\" data-widget_type=\"icon.default\">\n\t\t\t\t\t\t\t<div class=\"elementor-icon-wrapper\">\n\t\t\t<div class=\"elementor-icon\">\n\t\t\t<svg xmlns=\"http:\/\/www.w3.org\/2000\/svg\" width=\"78\" height=\"45\" viewBox=\"0 0 78 45\" fill=\"none\"><path d=\"M75.1251 40.4725L76.9438 42.2385C75.5469 43.5828 73.2274 44.6107 70.6706 44.6107C66.5851 44.6107 64.2656 41.5796 64.2656 37.9422C64.2656 34.1202 66.9805 31.0627 70.9079 31.0627C73.9654 31.0627 77.3129 32.9341 77.3129 37.6786C77.3129 37.9158 77.3129 38.1794 77.2865 38.443H67.0069C67.1914 40.5252 68.4829 42.2122 70.9606 42.2122C72.542 42.2122 74.1235 41.5268 75.1251 40.4725ZM70.7761 33.3295C68.8256 33.3295 67.6131 34.6474 67.165 36.308H74.308C74.2817 34.2784 72.463 33.3295 70.7761 33.3295ZM71.1978 25.8438H74.3344L71.5404 29.6921H69.0891L71.1978 25.8438Z\" fill=\"#4D4237\"><\/path><path d=\"M46.25 31.4863H48.5959V29.1667C48.5959 26.3992 50.5991 25.4766 52.286 25.4766C53.2876 25.4766 54.5791 25.7929 55.0799 26.0829L54.5791 28.3496C54.2628 28.1124 53.3403 27.8752 52.8132 27.8752C51.8906 27.8752 51.3107 28.3496 51.3107 29.1667V31.4863H54.6582V33.6213H51.3107V44.2172H48.5959V33.6213H46.25V31.4863Z\" fill=\"#4D4237\"><\/path><path d=\"M24.3383 34.9411L23.3894 32.7007C24.5491 31.989 26.8159 31.0665 29.4254 31.0665C32.2984 31.0665 35.1978 32.0154 35.1978 34.8093V41.926C35.1978 42.5849 35.2505 43.5338 35.5404 44.2191H32.7992C32.6411 43.8501 32.5356 43.1384 32.4829 42.6376C31.4813 43.5075 30.0843 44.4827 27.633 44.4827C24.6019 44.4827 22.625 42.6904 22.625 40.1073C22.625 37.8405 24.7073 36.0218 28.5028 36.0218C29.8998 36.0218 31.5867 36.3381 32.4829 36.997V35.6C32.4829 34.0449 31.1123 33.386 29.2936 33.386C27.3167 33.386 25.2344 34.3085 24.3383 34.9411ZM28.2129 42.2159C30.5851 42.2159 32.2193 40.6872 32.4829 40.3972V39.1057C31.903 38.6839 30.5588 38.1568 28.9509 38.1568C26.2888 38.1568 25.3662 39.0002 25.3662 40.1073C25.3662 41.2934 26.3942 42.2159 28.2129 42.2159Z\" fill=\"#4D4237\"><\/path><path d=\"M12.2565 33.1488L10.4378 34.9675C9.43618 33.9659 8.06556 33.465 6.80037 33.465C4.69173 33.465 2.97846 35.1783 2.97846 37.8141C2.97846 40.5026 4.77081 42.2159 6.95852 42.2159C8.54 42.2159 9.80519 41.4252 10.7541 40.4763L12.5728 42.1896C12.0456 42.8222 10.0161 44.6145 6.69494 44.6145C3.08389 44.6145 0 41.9523 0 37.8141C0 33.755 3.05753 31.0665 6.80037 31.0665C8.75087 31.0665 10.7277 31.7254 12.2565 33.1488Z\" fill=\"#4D4237\"><\/path><path d=\"M42.6406 6.80241C42.6406 3.05956 45.3555 0.0547485 49.3883 0.0547485C53.4474 0.0547485 56.1887 3.05956 56.1887 6.80241C56.1887 10.6243 53.4474 13.6028 49.3883 13.6028C45.3555 13.6028 42.6406 10.6243 42.6406 6.80241ZM45.4609 6.80241C45.4609 9.2537 46.9106 11.336 49.3883 11.336C51.9187 11.336 53.3947 9.2537 53.3947 6.80241C53.3947 4.43018 51.9187 2.32154 49.3883 2.32154C46.9106 2.32154 45.4609 4.43018 45.4609 6.80241Z\" fill=\"#4D4237\"><\/path><path d=\"M31.3456 1.47605L30.3177 3.55834C29.4742 3.08389 27.4446 2.26679 25.5996 2.26679C24.229 2.26679 23.0165 2.71488 23.0165 3.74284C23.0165 5.03439 24.9934 5.16618 26.1267 5.21889C28.3672 5.32432 32.1891 5.53519 32.1891 9.22531C32.1891 12.2565 29.5797 13.6535 26.2322 13.6535C23.2537 13.6535 21.1714 12.5464 19.9062 11.703L20.9342 9.64704C22.1203 10.3587 23.8863 11.3867 26.2058 11.3867C28.0772 11.3867 29.4742 10.7277 29.4742 9.48889C29.4742 8.0392 27.5237 7.88105 26.1267 7.80198C23.4646 7.64383 20.3016 7.40661 20.3016 4.05914C20.3016 0.948889 23.0692 0 25.5469 0C27.9455 0 30.344 0.896174 31.3456 1.47605Z\" fill=\"#4D4237\"><\/path><\/svg>\t\t\t<\/div>\n\t\t<\/div>\n\t\t\t\t\t\t<\/div>\n\t\t\t\t<div class=\"elementor-element elementor-element-ef62ccf elementor-widget elementor-widget-text-editor\" data-id=\"ef62ccf\" data-element_type=\"widget\" data-e-type=\"widget\" data-widget_type=\"text-editor.default\">\n\t\t\t\t\t\t\t\t\t<p>Lunes &#8211; S\u00e1bado<\/p><p>8:00 am &#8211; 5:00 pm<\/p>\t\t\t\t\t\t\t\t<\/div>\n\t\t\t\t<\/div>\n\t\t\t\t\t<\/div>\n\t\t\t\t<\/div>\n\t\t\t\t<\/div>\n\t\t<div class=\"elementor-element elementor-element-4fd5407 e-con-full e-flex e-con e-parent\" data-id=\"4fd5407\" data-element_type=\"container\" data-e-type=\"container\" data-settings=\"{&quot;background_background&quot;:&quot;classic&quot;}\">\n\t\t<div class=\"elementor-element elementor-element-2c8869c e-con-full e-flex e-con e-child\" data-id=\"2c8869c\" data-element_type=\"container\" data-e-type=\"container\">\n\t\t<div class=\"elementor-element elementor-element-f6cab59 e-con-full e-flex e-con e-child\" data-id=\"f6cab59\" data-element_type=\"container\" data-e-type=\"container\" data-settings=\"{&quot;background_background&quot;:&quot;classic&quot;}\">\n\t\t\t\t<div class=\"elementor-element elementor-element-60ee66b elementor-widget__width-initial fadein elementor-widget elementor-widget-heading\" data-id=\"60ee66b\" data-element_type=\"widget\" data-e-type=\"widget\" data-widget_type=\"heading.default\">\n\t\t\t\t\t<h2 class=\"elementor-heading-title elementor-size-default\">NOS ENCANTAR\u00c1 SABER DE TI<\/h2>\t\t\t\t<\/div>\n\t\t\t\t<div class=\"elementor-element elementor-element-2da8e77 elementor-widget__width-initial fadein elementor-widget elementor-widget-text-editor\" data-id=\"2da8e77\" data-element_type=\"widget\" data-e-type=\"widget\" data-widget_type=\"text-editor.default\">\n\t\t\t\t\t\t\t\t\t<p>Tanto si tienes una pregunta, una sugerencia \no simplemente quieres compartir un momento de tu d\u00eda, escr\u00edbenos abajo.<\/p>\t\t\t\t\t\t\t\t<\/div>\n\t\t\t\t<div class=\"elementor-element elementor-element-c5241cb elementor-button-align-center elementor-widget elementor-widget-form\" data-id=\"c5241cb\" data-element_type=\"widget\" data-e-type=\"widget\" data-settings=\"{&quot;step_next_label&quot;:&quot;Siguiente&quot;,&quot;step_previous_label&quot;:&quot;Anterior&quot;,&quot;button_width&quot;:&quot;100&quot;,&quot;step_type&quot;:&quot;number_text&quot;,&quot;step_icon_shape&quot;:&quot;circle&quot;}\" data-widget_type=\"form.default\">\n\t\t\t\t\t\t\t<form class=\"elementor-form\" method=\"post\" name=\"Nuevo formulario\" aria-label=\"Nuevo formulario\">\n\t\t\t<input type=\"hidden\" name=\"post_id\" value=\"2676\"\/>\n\t\t\t<input type=\"hidden\" name=\"form_id\" value=\"c5241cb\"\/>\n\t\t\t<input type=\"hidden\" name=\"referer_title\" value=\"Contacto\" \/>\n\n\t\t\t\t\t\t\t<input type=\"hidden\" name=\"queried_id\" value=\"2676\"\/>\n\t\t\t\n\t\t\t<div class=\"elementor-form-fields-wrapper elementor-labels-\">\n\t\t\t\t\t\t\t\t<div class=\"elementor-field-type-text elementor-field-group elementor-column elementor-field-group-name elementor-col-50 elementor-field-required\">\n\t\t\t\t\t\t\t\t\t\t\t\t<label for=\"form-field-name\" class=\"elementor-field-label elementor-screen-only\">\n\t\t\t\t\t\t\t\tNombre\t\t\t\t\t\t\t<\/label>\n\t\t\t\t\t\t\t\t\t\t\t\t\t\t<input size=\"1\" type=\"text\" name=\"form_fields[name]\" id=\"form-field-name\" class=\"elementor-field elementor-size-sm  elementor-field-textual\" placeholder=\"Nombre\" required=\"required\">\n\t\t\t\t\t\t\t\t\t\t\t<\/div>\n\t\t\t\t\t\t\t\t<div class=\"elementor-field-type-text elementor-field-group elementor-column elementor-field-group-field_fa7ea28 elementor-col-50\">\n\t\t\t\t\t\t\t\t\t\t\t\t<label for=\"form-field-field_fa7ea28\" class=\"elementor-field-label elementor-screen-only\">\n\t\t\t\t\t\t\t\tApellidos\t\t\t\t\t\t\t<\/label>\n\t\t\t\t\t\t\t\t\t\t\t\t\t\t<input size=\"1\" type=\"text\" name=\"form_fields[field_fa7ea28]\" id=\"form-field-field_fa7ea28\" class=\"elementor-field elementor-size-sm  elementor-field-textual\" placeholder=\"Apellidos\">\n\t\t\t\t\t\t\t\t\t\t\t<\/div>\n\t\t\t\t\t\t\t\t<div class=\"elementor-field-type-email elementor-field-group elementor-column elementor-field-group-field_f428964 elementor-col-100 elementor-field-required\">\n\t\t\t\t\t\t\t\t\t\t\t\t<label for=\"form-field-field_f428964\" class=\"elementor-field-label elementor-screen-only\">\n\t\t\t\t\t\t\t\tCorreo electr\u00f3nico\t\t\t\t\t\t\t<\/label>\n\t\t\t\t\t\t\t\t\t\t\t\t\t\t<input size=\"1\" type=\"email\" name=\"form_fields[field_f428964]\" id=\"form-field-field_f428964\" class=\"elementor-field elementor-size-sm  elementor-field-textual\" placeholder=\"Correo electr\u00f3nico\" required=\"required\">\n\t\t\t\t\t\t\t\t\t\t\t<\/div>\n\t\t\t\t\t\t\t\t<div class=\"elementor-field-type-text elementor-field-group elementor-column elementor-field-group-field_d137e37 elementor-col-100\">\n\t\t\t\t\t\t\t\t\t\t\t\t<label for=\"form-field-field_d137e37\" class=\"elementor-field-label elementor-screen-only\">\n\t\t\t\t\t\t\t\tAsunto\t\t\t\t\t\t\t<\/label>\n\t\t\t\t\t\t\t\t\t\t\t\t\t\t<input size=\"1\" type=\"text\" name=\"form_fields[field_d137e37]\" id=\"form-field-field_d137e37\" class=\"elementor-field elementor-size-sm  elementor-field-textual\" placeholder=\"Asunto\">\n\t\t\t\t\t\t\t\t\t\t\t<\/div>\n\t\t\t\t\t\t\t\t<div class=\"elementor-field-type-textarea elementor-field-group elementor-column elementor-field-group-field_e2e8deb elementor-col-100\">\n\t\t\t\t\t\t\t\t\t\t\t\t<label for=\"form-field-field_e2e8deb\" class=\"elementor-field-label elementor-screen-only\">\n\t\t\t\t\t\t\t\tMensaje\t\t\t\t\t\t\t<\/label>\n\t\t\t\t\t\t<textarea class=\"elementor-field-textual elementor-field  elementor-size-sm\" name=\"form_fields[field_e2e8deb]\" id=\"form-field-field_e2e8deb\" rows=\"8\" placeholder=\"Mensaje\"><\/textarea>\t\t\t\t<\/div>\n\t\t\t\t\t\t\t\t<div class=\"elementor-field-type-recaptcha_v3 elementor-field-group elementor-column elementor-field-group-field_ea6928f elementor-col-100 recaptcha_v3-bottomright\">\n\t\t\t\t\t<div class=\"elementor-field\" id=\"form-field-field_ea6928f\"><div class=\"elementor-g-recaptcha\" data-sitekey=\"6Lcxi1AsAAAAAAh72FZToyAKMJa5MXYnFcPTpxUV\" data-type=\"v3\" data-action=\"Form\" data-badge=\"bottomright\" data-size=\"invisible\"><\/div><\/div>\t\t\t\t<\/div>\n\t\t\t\t\t\t\t\t<div class=\"elementor-field-group elementor-column elementor-field-type-submit elementor-col-100 e-form__buttons\">\n\t\t\t\t\t<button class=\"elementor-button elementor-size-xs\" type=\"submit\">\n\t\t\t\t\t\t<span class=\"elementor-button-content-wrapper\">\n\t\t\t\t\t\t\t\t\t\t\t\t\t\t\t\t\t\t\t\t\t\t<span class=\"elementor-button-text\">Enviar<\/span>\n\t\t\t\t\t\t\t\t\t\t\t\t\t<\/span>\n\t\t\t\t\t<\/button>\n\t\t\t\t<\/div>\n\t\t\t<\/div>\n\t\t<\/form>\n\t\t\t\t\t\t<\/div>\n\t\t\t\t<div class=\"elementor-element elementor-element-75f47aa elementor-widget__width-initial fadein elementor-widget elementor-widget-text-editor\" data-id=\"75f47aa\" data-element_type=\"widget\" data-e-type=\"widget\" data-widget_type=\"text-editor.default\">\n\t\t\t\t\t\t\t\t\t<p>Tu mensaje nos llegar\u00e1 de forma segura. \n<\/p><p>Te responderemos lo antes posible.<\/p>\t\t\t\t\t\t\t\t<\/div>\n\t\t\t\t<\/div>\n\t\t\t\t<\/div>\n\t\t\t\t<\/div>\n\t\t\t\t<\/div>\n\t\t","protected":false},"excerpt":{"rendered":"<p>Nos encantar\u00e1 saber de ti. Tanto si tienes una pregunta, quieres colaborar o simplemente quieres saludar, as\u00ed es como puedes contactar con nosotros. Carrer Nuredduna 24, Palma, Mallorca, Spain hola@somallorca.com @so.mallorca VIS\u00cdTANOS Entra en nuestros espacios y mu\u00e9vete a tu propio ritmo. Descubre cu\u00e1ndo est\u00e1 abierta cada zona. Lunes &#8211; S\u00e1bado 7:30 am &#8211; 9:00 [&hellip;]<\/p>\n","protected":false},"author":1,"featured_media":0,"parent":0,"menu_order":0,"comment_status":"closed","ping_status":"closed","template":"","meta":{"footnotes":""},"class_list":["post-2676","page","type-page","status-publish","hentry"],"_links":{"self":[{"href":"https:\/\/somallorca.com\/es\/wp-json\/wp\/v2\/pages\/2676","targetHints":{"allow":["GET"]}}],"collection":[{"href":"https:\/\/somallorca.com\/es\/wp-json\/wp\/v2\/pages"}],"about":[{"href":"https:\/\/somallorca.com\/es\/wp-json\/wp\/v2\/types\/page"}],"author":[{"embeddable":true,"href":"https:\/\/somallorca.com\/es\/wp-json\/wp\/v2\/users\/1"}],"replies":[{"embeddable":true,"href":"https:\/\/somallorca.com\/es\/wp-json\/wp\/v2\/comments?post=2676"}],"version-history":[{"count":3,"href":"https:\/\/somallorca.com\/es\/wp-json\/wp\/v2\/pages\/2676\/revisions"}],"predecessor-version":[{"id":4108,"href":"https:\/\/somallorca.com\/es\/wp-json\/wp\/v2\/pages\/2676\/revisions\/4108"}],"wp:attachment":[{"href":"https:\/\/somallorca.com\/es\/wp-json\/wp\/v2\/media?parent=2676"}],"curies":[{"name":"wp","href":"https:\/\/api.w.org\/{rel}","templated":true}]}}