{"id":5100,"date":"2026-04-25T03:45:12","date_gmt":"2026-04-25T03:45:12","guid":{"rendered":"https:\/\/somallorca.com\/haftungsausschluss\/"},"modified":"2026-04-25T05:48:38","modified_gmt":"2026-04-25T05:48:38","slug":"haftungsausschluss","status":"publish","type":"page","link":"https:\/\/somallorca.com\/de\/haftungsausschluss\/","title":{"rendered":"Haftungsausschluss"},"content":{"rendered":"\t\t<div data-elementor-type=\"wp-page\" data-elementor-id=\"5100\" class=\"elementor elementor-5100 elementor-5043\" data-elementor-post-type=\"page\">\n\t\t\t\t<div class=\"elementor-element elementor-element-78363e64 e-con-full e-flex e-con e-parent\" data-id=\"78363e64\" data-element_type=\"container\" data-e-type=\"container\">\n\t\t\t\t<div class=\"elementor-element elementor-element-2a9c321 elementor-widget elementor-widget-heading\" data-id=\"2a9c321\" data-element_type=\"widget\" data-e-type=\"widget\" data-widget_type=\"heading.default\">\n\t\t\t\t\t<h1 class=\"elementor-heading-title elementor-size-default\">Haftungsausschluss<\/h1>\t\t\t\t<\/div>\n\t\t\t\t<div class=\"elementor-element elementor-element-5f43c413 elementor-widget__width-initial elementor-widget elementor-widget-text-editor\" data-id=\"5f43c413\" data-element_type=\"widget\" data-e-type=\"widget\" data-widget_type=\"text-editor.default\">\n\t\t\t\t\t\t\t\t\t<p><br>Durch die Buchung und Teilnahme an einem Kurs, einer privaten Einheit oder einer Massagebehandlung bei SO MALLORCA erkenne ich Folgendes an und stimme diesem zu:<\/p>\n<p><br><strong>1. Gesundheitsbest\u00e4tigung<\/strong><br>Ich best\u00e4tige, dass ich mich in guter k\u00f6rperlicher und geistiger Verfassung befinde und keine medizinischen Beschwerden, Verletzungen, Erkrankungen oder Einschr\u00e4nkungen habe, die meine sichere Teilnahme an Kursen oder Massagebehandlungen verhindern w\u00fcrden, mit Ausnahme derjenigen, die ich vor der Teilnahme offengelegt habe.<\/p>\n<p><strong>2. Medizinische Verantwortung<\/strong><br>Ich verstehe, dass SO MALLORCA keine medizinische Beratung anbietet. Ich bin selbst daf\u00fcr verantwortlich, vor der Teilnahme einen Arzt zu konsultieren, sofern ich medizinische Beschwerden oder Verletzungen habe, schwanger bin oder anderweitige gesundheitliche Bedenken bestehen. <\/p>\n<p><br><strong>3. Risiko\u00fcbernahme<\/strong><br>Ich verstehe, dass die Teilnahme an k\u00f6rperlicher Bet\u00e4tigung, bewegungsbasierten Kursen sowie Massagebehandlungen mit inh\u00e4renten Risiken verbunden ist, einschlie\u00dflich des Risikos von Verletzungen. Ich \u00fcbernehme freiwillig die volle Verantwortung f\u00fcr alle Risiken, Verletzungen oder Sch\u00e4den, die daraus entstehen k\u00f6nnen. <\/p>\n<p><br><strong>4. Schwangerschaftsklausel<\/strong><br>Sofern ich schwanger bin oder eine Schwangerschaft vermute, best\u00e4tige ich, dass ich die Therapeutin bzw. den Therapeuten vor der Sitzung entsprechend informiert habe und erforderlichenfalls einen medizinischen Fachrat eingeholt habe.<\/p>\n<p>**Teilnahme w\u00e4hrend der Schwangerschaft**<\/p>\n<p>Die Teilnahme an Kursen w\u00e4hrend einer bekannten oder vermuteten Schwangerschaft erfolgt vollst\u00e4ndig auf eigenes Risiko der Teilnehmerin.<\/p>\n<p>Die Teilnehmerin best\u00e4tigt, dass sie vor der Teilnahme an s\u00e4mtlichen Kursen, einschlie\u00dflich Lagree-Training, eine medizinische Freigabe durch einen qualifizierten Gesundheitsdienstleister eingeholt hat und dass keine medizinischen Gr\u00fcnde bestehen, die ihre Teilnahme verhindern.<\/p>\n<p>Die Teilnehmerin verpflichtet sich, das Studio sowie die Kursleitung vor der Teilnahme \u00fcber eine bekannte oder vermutete Schwangerschaft zu informieren.<\/p>\n<p>Das Studio weist ausdr\u00fccklich darauf hin, dass Lagree eine k\u00f6rperlich anspruchsvolle Trainingsform ist, die eine intensive Aktivierung der Rumpf-, Bauch- und Beckenbodenmuskulatur beinhaltet. Bestimmte Bewegungen und \u00dcbungen k\u00f6nnen w\u00e4hrend der Schwangerschaft nicht geeignet sein oder kontraindiziert sein. <\/p>\n<p>Auch wenn die Kursleitung nach eigenem Ermessen \u00dcbungsmodifikationen anbieten kann, stellen diese keine medizinische Beratung oder medizinische Betreuung dar.<\/p>\n<p>Die Teilnahme erfolgt freiwillig und auf eigenes Risiko der Teilnehmerin. Soweit gesetzlich zul\u00e4ssig, haftet das Studio nicht f\u00fcr Verletzungen, gesundheitliche Komplikationen oder Sch\u00e4den, die aus der Teilnahme w\u00e4hrend der Schwangerschaft entstehen, es sei denn, es liegt grobe Fahrl\u00e4ssigkeit oder vors\u00e4tzliches Verhalten vor. <\/p>\n<p>Die Teilnehmerin verpflichtet sich, auf ihren K\u00f6rper zu h\u00f6ren und \u00dcbungen jederzeit nach Bedarf abzubrechen oder anzupassen.<\/p>\n<p><strong>5. Haftungsfreistellung<\/strong><br>Ich entbinde hiermit SO MALLORCA, dessen Eigent\u00fcmer, Kursleiterinnen und Kursleiter, Therapeutinnen und Therapeuten, Mitarbeiter sowie Vertreter von s\u00e4mtlichen Anspr\u00fcchen, Forderungen, Klagen oder Haftungen, die aus oder im Zusammenhang mit meiner Teilnahme entstehen, mit Ausnahme von F\u00e4llen grober Fahrl\u00e4ssigkeit oder vors\u00e4tzlichen Fehlverhaltens.<\/p>\n<p><strong>6. Pers\u00f6nliche Gegenst\u00e4nde<\/strong><br>Ich verstehe, dass SO MALLORCA keine Verantwortung f\u00fcr den Verlust oder die Besch\u00e4digung pers\u00f6nlicher Gegenst\u00e4nde \u00fcbernimmt, die in die R\u00e4umlichkeiten mitgebracht werden.<\/p>\n<p><strong>7. Ber\u00fchrung und Einwilligung<\/strong><br>Ich verstehe, dass Massagen und bestimmte Behandlungen k\u00f6rperliche Ber\u00fchrung beinhalten. Ich erteile meine informierte Einwilligung und f\u00fchle mich wohl damit, jederzeit Anpassungen zu verlangen oder die Behandlung zu unterbrechen bzw. zu beenden. <br>Ich best\u00e4tige, dass ich diesen Gesundheits- und Haftungsausschluss gelesen und verstanden habe und den Bedingungen freiwillig zustimme.<\/p>\n<p><br>VORBEHANDLUNGS-HINWEISE GESICHTSBEHANDLUNGEN<\/p>\n<p>Bitte informieren Sie uns, wenn einer der folgenden Umst\u00e4nde auf Sie zutrifft, da dies Anpassungen Ihrer Behandlung erforderlich machen kann.<br>K\u00fcrzlich durchgef\u00fchrte \u00e4sthetische Behandlungen:<\/p>\n<ul>\n<li>Botox innerhalb der vergangenen 2 Wochen<\/li>\n<li>Dermalf\u00fcller innerhalb der letzten 4 Wochen<\/li>\n<li>Microneedling oder chemische Peelings (bis zur vollst\u00e4ndigen Abheilung)<\/li>\n<li>Zahnextraktion innerhalb der letzten 3 Monate<\/li>\n<\/ul>\n<p> <\/p>\n<p> <\/p>\n<p><strong>Hauterkrankungen:<\/strong><\/p>\n<ul>\n<li>Aktive Akne oder starke Hautunreinheiten<\/li>\n<li>Rosazea oder empfindliche Hautzust\u00e4nde<\/li>\n<li>Aktuelle Hautinfektionen oder Hautreizungen<\/li>\n<li>Vorerkrankungen:<\/li>\n<li>Sehr hoher Blutdruck<\/li>\n<li>Aktive Herpesbl\u00e4schen (Lippenherpes)<\/li>\n<li>Zahnfleischerkrankungen oder Infektionen im Mundraum<br>Schwangerschaft (erstes Trimester)<\/li>\n<\/ul>\n<p> <\/p>\n<p>Mit der Buchung dieser Behandlung best\u00e4tigen Sie, dass Sie alle relevanten Gesundheitsinformationen offengelegt haben und verstehen, dass bestimmte Umst\u00e4nde zur Gew\u00e4hrleistung Ihrer Sicherheit und Ihres Wohlbefindens Anpassungen der Behandlung erforderlich machen k\u00f6nnen.<\/p>\t\t\t\t\t\t\t\t<\/div>\n\t\t\t\t<\/div>\n\t\t\t\t<\/div>\n\t\t","protected":false},"excerpt":{"rendered":"<p>Haftungsausschluss Durch die Buchung und Teilnahme an einem Kurs, einer privaten Einheit oder einer Massagebehandlung bei SO MALLORCA erkenne ich Folgendes an und stimme diesem zu: 1. Gesundheitsbest\u00e4tigungIch best\u00e4tige, dass ich mich in guter k\u00f6rperlicher und geistiger Verfassung befinde und keine medizinischen Beschwerden, Verletzungen, Erkrankungen oder Einschr\u00e4nkungen habe, die meine sichere Teilnahme an Kursen oder [&hellip;]<\/p>\n","protected":false},"author":4,"featured_media":0,"parent":0,"menu_order":0,"comment_status":"closed","ping_status":"closed","template":"","meta":{"footnotes":""},"class_list":["post-5100","page","type-page","status-publish","hentry"],"yoast_head":"<!-- This site is optimized with the Yoast SEO plugin v27.4 - https:\/\/yoast.com\/product\/yoast-seo-wordpress\/ -->\n<title>Haftungsausschluss - SO MALLORCA<\/title>\n<meta name=\"robots\" content=\"index, follow, max-snippet:-1, max-image-preview:large, max-video-preview:-1\" \/>\n<link rel=\"canonical\" href=\"https:\/\/somallorca.com\/waiver\/\" \/>\n<meta property=\"og:locale\" content=\"de_DE\" \/>\n<meta property=\"og:type\" content=\"article\" \/>\n<meta property=\"og:title\" content=\"Haftungsausschluss - SO MALLORCA\" \/>\n<meta property=\"og:description\" content=\"Haftungsausschluss Durch die Buchung und Teilnahme an einem Kurs, einer privaten Einheit oder einer Massagebehandlung bei SO MALLORCA erkenne ich Folgendes an und stimme diesem zu: 1. Gesundheitsbest\u00e4tigungIch best\u00e4tige, dass ich mich in guter k\u00f6rperlicher und geistiger Verfassung befinde und keine medizinischen Beschwerden, Verletzungen, Erkrankungen oder Einschr\u00e4nkungen habe, die meine sichere Teilnahme an Kursen oder [&hellip;]\" \/>\n<meta property=\"og:url\" content=\"https:\/\/somallorca.com\/waiver\/\" \/>\n<meta property=\"og:site_name\" content=\"SO MALLORCA\" \/>\n<meta property=\"article:modified_time\" content=\"2026-04-25T05:48:38+00:00\" \/>\n<meta name=\"twitter:card\" content=\"summary_large_image\" \/>\n<meta name=\"twitter:label1\" content=\"Gesch\u00e4tzte Lesezeit\" \/>\n\t<meta name=\"twitter:data1\" content=\"3\u00a0Minuten\" \/>\n<script type=\"application\/ld+json\" class=\"yoast-schema-graph\">{\"@context\":\"https:\\\/\\\/schema.org\",\"@graph\":[{\"@type\":\"WebPage\",\"@id\":\"https:\\\/\\\/somallorca.com\\\/waiver\\\/\",\"url\":\"https:\\\/\\\/somallorca.com\\\/waiver\\\/\",\"name\":\"Haftungsausschluss - SO MALLORCA\",\"isPartOf\":{\"@id\":\"https:\\\/\\\/lightslategrey-octopus-483486.hostingersite.com\\\/#website\"},\"datePublished\":\"2026-04-25T03:45:12+00:00\",\"dateModified\":\"2026-04-25T05:48:38+00:00\",\"breadcrumb\":{\"@id\":\"https:\\\/\\\/somallorca.com\\\/waiver\\\/#breadcrumb\"},\"inLanguage\":\"de\",\"potentialAction\":[{\"@type\":\"ReadAction\",\"target\":[\"https:\\\/\\\/somallorca.com\\\/waiver\\\/\"]}]},{\"@type\":\"BreadcrumbList\",\"@id\":\"https:\\\/\\\/somallorca.com\\\/waiver\\\/#breadcrumb\",\"itemListElement\":[{\"@type\":\"ListItem\",\"position\":1,\"name\":\"Home\",\"item\":\"https:\\\/\\\/somallorca.com\\\/de\\\/\"},{\"@type\":\"ListItem\",\"position\":2,\"name\":\"Haftungsausschluss\"}]},{\"@type\":\"WebSite\",\"@id\":\"https:\\\/\\\/lightslategrey-octopus-483486.hostingersite.com\\\/#website\",\"url\":\"https:\\\/\\\/lightslategrey-octopus-483486.hostingersite.com\\\/\",\"name\":\"SO MALLORCA\",\"description\":\"Opening soon\",\"publisher\":{\"@id\":\"https:\\\/\\\/lightslategrey-octopus-483486.hostingersite.com\\\/#organization\"},\"potentialAction\":[{\"@type\":\"SearchAction\",\"target\":{\"@type\":\"EntryPoint\",\"urlTemplate\":\"https:\\\/\\\/lightslategrey-octopus-483486.hostingersite.com\\\/?s={search_term_string}\"},\"query-input\":{\"@type\":\"PropertyValueSpecification\",\"valueRequired\":true,\"valueName\":\"search_term_string\"}}],\"inLanguage\":\"de\"},{\"@type\":\"Organization\",\"@id\":\"https:\\\/\\\/lightslategrey-octopus-483486.hostingersite.com\\\/#organization\",\"name\":\"SO MALLORCA\",\"url\":\"https:\\\/\\\/lightslategrey-octopus-483486.hostingersite.com\\\/\",\"logo\":{\"@type\":\"ImageObject\",\"inLanguage\":\"de\",\"@id\":\"https:\\\/\\\/lightslategrey-octopus-483486.hostingersite.com\\\/#\\\/schema\\\/logo\\\/image\\\/\",\"url\":\"https:\\\/\\\/somallorca.com\\\/wp-content\\\/uploads\\\/2026\\\/01\\\/Group.svg\",\"contentUrl\":\"https:\\\/\\\/somallorca.com\\\/wp-content\\\/uploads\\\/2026\\\/01\\\/Group.svg\",\"width\":105,\"height\":50,\"caption\":\"SO MALLORCA\"},\"image\":{\"@id\":\"https:\\\/\\\/lightslategrey-octopus-483486.hostingersite.com\\\/#\\\/schema\\\/logo\\\/image\\\/\"}}]}<\/script>\n<!-- \/ Yoast SEO plugin. -->","yoast_head_json":{"title":"Haftungsausschluss - SO MALLORCA","robots":{"index":"index","follow":"follow","max-snippet":"max-snippet:-1","max-image-preview":"max-image-preview:large","max-video-preview":"max-video-preview:-1"},"canonical":"https:\/\/somallorca.com\/waiver\/","og_locale":"de_DE","og_type":"article","og_title":"Haftungsausschluss - SO MALLORCA","og_description":"Haftungsausschluss Durch die Buchung und Teilnahme an einem Kurs, einer privaten Einheit oder einer Massagebehandlung bei SO MALLORCA erkenne ich Folgendes an und stimme diesem zu: 1. Gesundheitsbest\u00e4tigungIch best\u00e4tige, dass ich mich in guter k\u00f6rperlicher und geistiger Verfassung befinde und keine medizinischen Beschwerden, Verletzungen, Erkrankungen oder Einschr\u00e4nkungen habe, die meine sichere Teilnahme an Kursen oder [&hellip;]","og_url":"https:\/\/somallorca.com\/waiver\/","og_site_name":"SO MALLORCA","article_modified_time":"2026-04-25T05:48:38+00:00","twitter_card":"summary_large_image","twitter_misc":{"Gesch\u00e4tzte Lesezeit":"3\u00a0Minuten"},"schema":{"@context":"https:\/\/schema.org","@graph":[{"@type":"WebPage","@id":"https:\/\/somallorca.com\/waiver\/","url":"https:\/\/somallorca.com\/waiver\/","name":"Haftungsausschluss - SO MALLORCA","isPartOf":{"@id":"https:\/\/lightslategrey-octopus-483486.hostingersite.com\/#website"},"datePublished":"2026-04-25T03:45:12+00:00","dateModified":"2026-04-25T05:48:38+00:00","breadcrumb":{"@id":"https:\/\/somallorca.com\/waiver\/#breadcrumb"},"inLanguage":"de","potentialAction":[{"@type":"ReadAction","target":["https:\/\/somallorca.com\/waiver\/"]}]},{"@type":"BreadcrumbList","@id":"https:\/\/somallorca.com\/waiver\/#breadcrumb","itemListElement":[{"@type":"ListItem","position":1,"name":"Home","item":"https:\/\/somallorca.com\/de\/"},{"@type":"ListItem","position":2,"name":"Haftungsausschluss"}]},{"@type":"WebSite","@id":"https:\/\/lightslategrey-octopus-483486.hostingersite.com\/#website","url":"https:\/\/lightslategrey-octopus-483486.hostingersite.com\/","name":"SO MALLORCA","description":"Opening soon","publisher":{"@id":"https:\/\/lightslategrey-octopus-483486.hostingersite.com\/#organization"},"potentialAction":[{"@type":"SearchAction","target":{"@type":"EntryPoint","urlTemplate":"https:\/\/lightslategrey-octopus-483486.hostingersite.com\/?s={search_term_string}"},"query-input":{"@type":"PropertyValueSpecification","valueRequired":true,"valueName":"search_term_string"}}],"inLanguage":"de"},{"@type":"Organization","@id":"https:\/\/lightslategrey-octopus-483486.hostingersite.com\/#organization","name":"SO MALLORCA","url":"https:\/\/lightslategrey-octopus-483486.hostingersite.com\/","logo":{"@type":"ImageObject","inLanguage":"de","@id":"https:\/\/lightslategrey-octopus-483486.hostingersite.com\/#\/schema\/logo\/image\/","url":"https:\/\/somallorca.com\/wp-content\/uploads\/2026\/01\/Group.svg","contentUrl":"https:\/\/somallorca.com\/wp-content\/uploads\/2026\/01\/Group.svg","width":105,"height":50,"caption":"SO MALLORCA"},"image":{"@id":"https:\/\/lightslategrey-octopus-483486.hostingersite.com\/#\/schema\/logo\/image\/"}}]}},"_links":{"self":[{"href":"https:\/\/somallorca.com\/de\/wp-json\/wp\/v2\/pages\/5100","targetHints":{"allow":["GET"]}}],"collection":[{"href":"https:\/\/somallorca.com\/de\/wp-json\/wp\/v2\/pages"}],"about":[{"href":"https:\/\/somallorca.com\/de\/wp-json\/wp\/v2\/types\/page"}],"author":[{"embeddable":true,"href":"https:\/\/somallorca.com\/de\/wp-json\/wp\/v2\/users\/4"}],"replies":[{"embeddable":true,"href":"https:\/\/somallorca.com\/de\/wp-json\/wp\/v2\/comments?post=5100"}],"version-history":[{"count":9,"href":"https:\/\/somallorca.com\/de\/wp-json\/wp\/v2\/pages\/5100\/revisions"}],"predecessor-version":[{"id":5109,"href":"https:\/\/somallorca.com\/de\/wp-json\/wp\/v2\/pages\/5100\/revisions\/5109"}],"wp:attachment":[{"href":"https:\/\/somallorca.com\/de\/wp-json\/wp\/v2\/media?parent=5100"}],"curies":[{"name":"wp","href":"https:\/\/api.w.org\/{rel}","templated":true}]}}