{"id":5097,"date":"2026-04-25T03:51:47","date_gmt":"2026-04-25T03:51:47","guid":{"rendered":"https:\/\/somallorca.com\/allgemeine-geschaeftsbedingungen-2\/"},"modified":"2026-04-27T11:13:00","modified_gmt":"2026-04-27T11:13:00","slug":"allgemeine-geschaeftsbedingungen-2","status":"publish","type":"page","link":"https:\/\/somallorca.com\/de\/allgemeine-geschaeftsbedingungen-2\/","title":{"rendered":"Allgemeine Gesch\u00e4ftsbedingungen"},"content":{"rendered":"\t\t<div data-elementor-type=\"wp-page\" data-elementor-id=\"5097\" class=\"elementor elementor-5097 elementor-5054\" data-elementor-post-type=\"page\">\n\t\t\t\t<div class=\"elementor-element elementor-element-78363e64 e-con-full e-flex e-con e-parent\" data-id=\"78363e64\" data-element_type=\"container\" data-e-type=\"container\">\n\t\t\t\t<div class=\"elementor-element elementor-element-2a9c321 elementor-widget elementor-widget-heading\" data-id=\"2a9c321\" data-element_type=\"widget\" data-e-type=\"widget\" data-widget_type=\"heading.default\">\n\t\t\t\t\t<h1 class=\"elementor-heading-title elementor-size-default\">Allgemeine Gesch\u00e4ftsbedingungen<\/h1>\t\t\t\t<\/div>\n\t\t\t\t<div class=\"elementor-element elementor-element-5f43c413 elementor-widget__width-initial elementor-widget elementor-widget-text-editor\" data-id=\"5f43c413\" data-element_type=\"widget\" data-e-type=\"widget\" data-widget_type=\"text-editor.default\">\n\t\t\t\t\t\t\t\t\t<strong>1. Anwendungsbereich<\/strong><br>\nDiese Allgemeinen Gesch\u00e4ftsbedingungen gelten f\u00fcr s\u00e4mtliche von SO MALLORCA angebotenen Leistungen, einschlie\u00dflich, jedoch nicht beschr\u00e4nkt auf Gruppenkurse (Lagree, Mat Pilates, Yoga), Personal- bzw. Einzelstunden, Workshops, Massage- und Spa-Behandlungen, Kurspakete, Geschenkgutscheine, Mitgliedschaften sowie Online-Buchungen.<br><br>\n<strong>2. Teilnahmevoraussetzungen &amp; Gesundheitszustand<\/strong><br>\nMit der Buchung und Teilnahme an Kursen, Einzelstunden oder Massage- und Spa-Behandlungen best\u00e4tigen Sie, dass Sie sich in einem guten k\u00f6rperlichen und geistigen Gesundheitszustand befinden und zur sicheren Teilnahme in der Lage sind.\nSie sind verpflichtet, bei bestehenden oder fr\u00fcheren Erkrankungen, Verletzungen, Einschr\u00e4nkungen, einer Schwangerschaft oder sonstigen Zweifeln hinsichtlich Ihrer Teilnahmef\u00e4higkeit oder der Eignung f\u00fcr Massage- und Spa-Behandlungen vorab \u00e4rztlichen Rat einzuholen.\nF\u00fcr Massage- und Spa-Behandlungen best\u00e4tigen Sie, dass Sie alle relevanten medizinischen Informationen, einschlie\u00dflich Erkrankungen, Verletzungen, Allergien, Sensibilit\u00e4ten, Schwangerschaften oder sonstiger Kontraindikationen, vor der Behandlung vollst\u00e4ndig und wahrheitsgem\u00e4\u00df offengelegt haben.\nDie Teilnahme an s\u00e4mtlichen Leistungen erfolgt auf eigenes Risiko.<br><br>\n<strong>3. Buchungen &amp; Teilnahme<\/strong><br>\nS\u00e4mtliche Kurse, Einheiten und Behandlungen sind vorab \u00fcber das Buchungssystem von SO MALLORCA zu reservieren. Die Pl\u00e4tze sind begrenzt und erfolgen vorbehaltlich Verf\u00fcgbarkeit.<br>Bei versp\u00e4tetem Erscheinen kann aus sicherheits- oder betriebsorganisatorischen Gr\u00fcnden der Zugang zur gebuchten Leistung verweigert werden. In diesem Fall besteht kein Anspruch auf R\u00fcckerstattung oder Gutschrift.<br><br>\n<strong>4. Stornierungen &amp; Nichterscheinen<\/strong><br>\nStornierungs- und Nichterscheinen-Regelungen variieren je nach gebuchter Leistung und werden jeweils im Rahmen der Buchung mitgeteilt.<br>Eine Stornierung au\u00dferhalb des jeweils geltenden Stornierungszeitraums kann zum Verfall des Kurscredits bzw. zur vollst\u00e4ndigen Berechnung der gebuchten Einheit oder Behandlung f\u00fchren.<br>Bei versp\u00e4tetem Erscheinen von mehr als 5 Minuten kann aus organisatorischen und sicherheitsrelevanten Gr\u00fcnden der Zutritt zur jeweiligen Leistung verweigert werden.<br>Massage-Termine sind exklusiv f\u00fcr die jeweilige Kund:in reserviert und k\u00f6nnen abweichenden Stornierungsbedingungen unterliegen. Eine kurzfristige Stornierung innerhalb von &lt;12 Stunden vor dem Termin f\u00fchrt zum Verfall des entsprechenden Credits bzw. zur vollst\u00e4ndigen Berechnung der gebuchten Leistung.  <br><br>\n<strong>5. Kurspakete, Credits &amp; Mitgliedschaften<\/strong><br>\nKurspakete, Credits und Mitgliedschaften sind pers\u00f6nlich und nicht \u00fcbertragbar, sofern nicht ausdr\u00fccklich anders vereinbart. Nicht genutzte Credits verfallen gem\u00e4\u00df der G\u00fcltigkeitsdauer des erworbenen Produkts. Nicht genutzte Kurse werden \u00fcber die jeweils geltende G\u00fcltigkeits- oder Abrechnungsperiode hinaus nicht \u00fcbertragen.<br><br>\n<strong>6. Geschenkgutscheine &amp; Studio-Guthaben<\/strong><br>\nGeschenkgutscheine und Studio-Guthaben sind nicht erstattungsf\u00e4hig und nicht in Bargeld umtauschbar.<br>Sie k\u00f6nnen im Rahmen der Verf\u00fcgbarkeit, der jeweiligen G\u00fcltigkeitsdauer sowie der geltenden Buchungs- und Nutzungsbedingungen f\u00fcr berechtigte Leistungen eingesetzt werden.<br><br>\n<strong>7. Hausordnung &amp; Verhalten im Studio<\/strong><br>\nAlle Kunden sind verpflichtet, das Studio, die Lehrkr\u00e4fte, Therapeutinnen und Therapeuten, das Personal sowie andere Teilnehmende mit Respekt zu behandeln.<br>SO MALLORCA beh\u00e4lt sich das Recht vor, die Teilnahme zu verweigern oder Mitgliedschaften bzw. Buchungen im Falle unangemessenen Verhaltens, eines Versto\u00dfes gegen die Studioregeln oder bei Sicherheitsbedenken zu stornieren bzw. zu k\u00fcndigen.<br><br>\n<strong>8. Haftung<\/strong><br>\nSO MALLORCA haftet nicht f\u00fcr Verletzungen, unerw\u00fcnschte Reaktionen, Unf\u00e4lle sowie den Verlust oder die Besch\u00e4digung pers\u00f6nlicher Gegenst\u00e4nde, die auf dem Gel\u00e4nde entstehen, es sei denn, es liegt grobe Fahrl\u00e4ssigkeit oder vors\u00e4tzliches Verhalten vor.<br>Grip-Socken sind verpflichtend zu tragen. <br><br>\n<strong>9. \u00c4nderungen von Stundenplan und Leistungen<\/strong>\nSO MALLORCA beh\u00e4lt sich das Recht vor, Kurspl\u00e4ne, Lehrkr\u00e4fte, Therapeutinnen und Therapeuten, Preise, Leistungen oder den Studiobetrieb bei Bedarf zu \u00e4ndern.\nEtwaige \u00c4nderungen werden \u00fcber geeignete Kommunikationskan\u00e4le mitgeteilt.<br><br>\n<strong>10. Anwendbares Recht<\/strong><br>Diese Allgemeinen Gesch\u00e4ftsbedingungen unterliegen dem Recht Spaniens und sind nach diesem auszulegen.<br><br>\n<strong>11. Zustimmung<\/strong><br>\nDurch die Erstellung eines Kontos, den Erwerb einer Leistung, die Buchung eines Services oder die Teilnahme an einem Kurs oder einer Behandlung best\u00e4tigt der Kunde, dass er diese Allgemeinen Gesch\u00e4ftsbedingungen gelesen, verstanden und akzeptiert hat.<br>\t\t\t\t\t\t\t\t<\/div>\n\t\t\t\t<\/div>\n\t\t\t\t<\/div>\n\t\t","protected":false},"excerpt":{"rendered":"<p>Allgemeine Gesch\u00e4ftsbedingungen 1. Anwendungsbereich Diese Allgemeinen Gesch\u00e4ftsbedingungen gelten f\u00fcr s\u00e4mtliche von SO MALLORCA angebotenen Leistungen, einschlie\u00dflich, jedoch nicht beschr\u00e4nkt auf Gruppenkurse (Lagree, Mat Pilates, Yoga), Personal- bzw. Einzelstunden, Workshops, Massage- und Spa-Behandlungen, Kurspakete, Geschenkgutscheine, Mitgliedschaften sowie Online-Buchungen. 2. Teilnahmevoraussetzungen &amp; Gesundheitszustand Mit der Buchung und Teilnahme an Kursen, Einzelstunden oder Massage- und Spa-Behandlungen best\u00e4tigen Sie, [&hellip;]<\/p>\n","protected":false},"author":4,"featured_media":0,"parent":0,"menu_order":0,"comment_status":"closed","ping_status":"closed","template":"","meta":{"footnotes":""},"class_list":["post-5097","page","type-page","status-publish","hentry"],"yoast_head":"<!-- This site is optimized with the Yoast SEO plugin v27.4 - https:\/\/yoast.com\/product\/yoast-seo-wordpress\/ -->\n<title>Allgemeine Gesch\u00e4ftsbedingungen - SO MALLORCA<\/title>\n<meta name=\"robots\" content=\"index, follow, max-snippet:-1, max-image-preview:large, max-video-preview:-1\" \/>\n<link rel=\"canonical\" href=\"https:\/\/somallorca.com\/terms-conditions\/\" \/>\n<meta property=\"og:locale\" content=\"de_DE\" \/>\n<meta property=\"og:type\" content=\"article\" \/>\n<meta property=\"og:title\" content=\"Allgemeine Gesch\u00e4ftsbedingungen - SO MALLORCA\" \/>\n<meta property=\"og:description\" content=\"Allgemeine Gesch\u00e4ftsbedingungen 1. Anwendungsbereich Diese Allgemeinen Gesch\u00e4ftsbedingungen gelten f\u00fcr s\u00e4mtliche von SO MALLORCA angebotenen Leistungen, einschlie\u00dflich, jedoch nicht beschr\u00e4nkt auf Gruppenkurse (Lagree, Mat Pilates, Yoga), Personal- bzw. Einzelstunden, Workshops, Massage- und Spa-Behandlungen, Kurspakete, Geschenkgutscheine, Mitgliedschaften sowie Online-Buchungen. 2. Teilnahmevoraussetzungen &amp; Gesundheitszustand Mit der Buchung und Teilnahme an Kursen, Einzelstunden oder Massage- und Spa-Behandlungen best\u00e4tigen Sie, [&hellip;]\" \/>\n<meta property=\"og:url\" content=\"https:\/\/somallorca.com\/terms-conditions\/\" \/>\n<meta property=\"og:site_name\" content=\"SO MALLORCA\" \/>\n<meta property=\"article:modified_time\" content=\"2026-04-27T11:13:00+00:00\" \/>\n<meta name=\"twitter:card\" content=\"summary_large_image\" \/>\n<meta name=\"twitter:label1\" content=\"Gesch\u00e4tzte Lesezeit\" \/>\n\t<meta name=\"twitter:data1\" content=\"3\u00a0Minuten\" \/>\n<script type=\"application\/ld+json\" class=\"yoast-schema-graph\">{\"@context\":\"https:\\\/\\\/schema.org\",\"@graph\":[{\"@type\":\"WebPage\",\"@id\":\"https:\\\/\\\/somallorca.com\\\/terms-conditions\\\/\",\"url\":\"https:\\\/\\\/somallorca.com\\\/terms-conditions\\\/\",\"name\":\"Allgemeine Gesch\u00e4ftsbedingungen - SO MALLORCA\",\"isPartOf\":{\"@id\":\"https:\\\/\\\/lightslategrey-octopus-483486.hostingersite.com\\\/#website\"},\"datePublished\":\"2026-04-25T03:51:47+00:00\",\"dateModified\":\"2026-04-27T11:13:00+00:00\",\"breadcrumb\":{\"@id\":\"https:\\\/\\\/somallorca.com\\\/terms-conditions\\\/#breadcrumb\"},\"inLanguage\":\"de\",\"potentialAction\":[{\"@type\":\"ReadAction\",\"target\":[\"https:\\\/\\\/somallorca.com\\\/terms-conditions\\\/\"]}]},{\"@type\":\"BreadcrumbList\",\"@id\":\"https:\\\/\\\/somallorca.com\\\/terms-conditions\\\/#breadcrumb\",\"itemListElement\":[{\"@type\":\"ListItem\",\"position\":1,\"name\":\"Home\",\"item\":\"https:\\\/\\\/somallorca.com\\\/de\\\/\"},{\"@type\":\"ListItem\",\"position\":2,\"name\":\"Allgemeine Gesch\u00e4ftsbedingungen\"}]},{\"@type\":\"WebSite\",\"@id\":\"https:\\\/\\\/lightslategrey-octopus-483486.hostingersite.com\\\/#website\",\"url\":\"https:\\\/\\\/lightslategrey-octopus-483486.hostingersite.com\\\/\",\"name\":\"SO MALLORCA\",\"description\":\"Opening soon\",\"publisher\":{\"@id\":\"https:\\\/\\\/lightslategrey-octopus-483486.hostingersite.com\\\/#organization\"},\"potentialAction\":[{\"@type\":\"SearchAction\",\"target\":{\"@type\":\"EntryPoint\",\"urlTemplate\":\"https:\\\/\\\/lightslategrey-octopus-483486.hostingersite.com\\\/?s={search_term_string}\"},\"query-input\":{\"@type\":\"PropertyValueSpecification\",\"valueRequired\":true,\"valueName\":\"search_term_string\"}}],\"inLanguage\":\"de\"},{\"@type\":\"Organization\",\"@id\":\"https:\\\/\\\/lightslategrey-octopus-483486.hostingersite.com\\\/#organization\",\"name\":\"SO MALLORCA\",\"url\":\"https:\\\/\\\/lightslategrey-octopus-483486.hostingersite.com\\\/\",\"logo\":{\"@type\":\"ImageObject\",\"inLanguage\":\"de\",\"@id\":\"https:\\\/\\\/lightslategrey-octopus-483486.hostingersite.com\\\/#\\\/schema\\\/logo\\\/image\\\/\",\"url\":\"https:\\\/\\\/somallorca.com\\\/wp-content\\\/uploads\\\/2026\\\/01\\\/Group.svg\",\"contentUrl\":\"https:\\\/\\\/somallorca.com\\\/wp-content\\\/uploads\\\/2026\\\/01\\\/Group.svg\",\"width\":105,\"height\":50,\"caption\":\"SO MALLORCA\"},\"image\":{\"@id\":\"https:\\\/\\\/lightslategrey-octopus-483486.hostingersite.com\\\/#\\\/schema\\\/logo\\\/image\\\/\"}}]}<\/script>\n<!-- \/ Yoast SEO plugin. -->","yoast_head_json":{"title":"Allgemeine Gesch\u00e4ftsbedingungen - SO MALLORCA","robots":{"index":"index","follow":"follow","max-snippet":"max-snippet:-1","max-image-preview":"max-image-preview:large","max-video-preview":"max-video-preview:-1"},"canonical":"https:\/\/somallorca.com\/terms-conditions\/","og_locale":"de_DE","og_type":"article","og_title":"Allgemeine Gesch\u00e4ftsbedingungen - SO MALLORCA","og_description":"Allgemeine Gesch\u00e4ftsbedingungen 1. Anwendungsbereich Diese Allgemeinen Gesch\u00e4ftsbedingungen gelten f\u00fcr s\u00e4mtliche von SO MALLORCA angebotenen Leistungen, einschlie\u00dflich, jedoch nicht beschr\u00e4nkt auf Gruppenkurse (Lagree, Mat Pilates, Yoga), Personal- bzw. Einzelstunden, Workshops, Massage- und Spa-Behandlungen, Kurspakete, Geschenkgutscheine, Mitgliedschaften sowie Online-Buchungen. 2. Teilnahmevoraussetzungen &amp; Gesundheitszustand Mit der Buchung und Teilnahme an Kursen, Einzelstunden oder Massage- und Spa-Behandlungen best\u00e4tigen Sie, [&hellip;]","og_url":"https:\/\/somallorca.com\/terms-conditions\/","og_site_name":"SO MALLORCA","article_modified_time":"2026-04-27T11:13:00+00:00","twitter_card":"summary_large_image","twitter_misc":{"Gesch\u00e4tzte Lesezeit":"3\u00a0Minuten"},"schema":{"@context":"https:\/\/schema.org","@graph":[{"@type":"WebPage","@id":"https:\/\/somallorca.com\/terms-conditions\/","url":"https:\/\/somallorca.com\/terms-conditions\/","name":"Allgemeine Gesch\u00e4ftsbedingungen - SO MALLORCA","isPartOf":{"@id":"https:\/\/lightslategrey-octopus-483486.hostingersite.com\/#website"},"datePublished":"2026-04-25T03:51:47+00:00","dateModified":"2026-04-27T11:13:00+00:00","breadcrumb":{"@id":"https:\/\/somallorca.com\/terms-conditions\/#breadcrumb"},"inLanguage":"de","potentialAction":[{"@type":"ReadAction","target":["https:\/\/somallorca.com\/terms-conditions\/"]}]},{"@type":"BreadcrumbList","@id":"https:\/\/somallorca.com\/terms-conditions\/#breadcrumb","itemListElement":[{"@type":"ListItem","position":1,"name":"Home","item":"https:\/\/somallorca.com\/de\/"},{"@type":"ListItem","position":2,"name":"Allgemeine Gesch\u00e4ftsbedingungen"}]},{"@type":"WebSite","@id":"https:\/\/lightslategrey-octopus-483486.hostingersite.com\/#website","url":"https:\/\/lightslategrey-octopus-483486.hostingersite.com\/","name":"SO MALLORCA","description":"Opening soon","publisher":{"@id":"https:\/\/lightslategrey-octopus-483486.hostingersite.com\/#organization"},"potentialAction":[{"@type":"SearchAction","target":{"@type":"EntryPoint","urlTemplate":"https:\/\/lightslategrey-octopus-483486.hostingersite.com\/?s={search_term_string}"},"query-input":{"@type":"PropertyValueSpecification","valueRequired":true,"valueName":"search_term_string"}}],"inLanguage":"de"},{"@type":"Organization","@id":"https:\/\/lightslategrey-octopus-483486.hostingersite.com\/#organization","name":"SO MALLORCA","url":"https:\/\/lightslategrey-octopus-483486.hostingersite.com\/","logo":{"@type":"ImageObject","inLanguage":"de","@id":"https:\/\/lightslategrey-octopus-483486.hostingersite.com\/#\/schema\/logo\/image\/","url":"https:\/\/somallorca.com\/wp-content\/uploads\/2026\/01\/Group.svg","contentUrl":"https:\/\/somallorca.com\/wp-content\/uploads\/2026\/01\/Group.svg","width":105,"height":50,"caption":"SO MALLORCA"},"image":{"@id":"https:\/\/lightslategrey-octopus-483486.hostingersite.com\/#\/schema\/logo\/image\/"}}]}},"_links":{"self":[{"href":"https:\/\/somallorca.com\/de\/wp-json\/wp\/v2\/pages\/5097","targetHints":{"allow":["GET"]}}],"collection":[{"href":"https:\/\/somallorca.com\/de\/wp-json\/wp\/v2\/pages"}],"about":[{"href":"https:\/\/somallorca.com\/de\/wp-json\/wp\/v2\/types\/page"}],"author":[{"embeddable":true,"href":"https:\/\/somallorca.com\/de\/wp-json\/wp\/v2\/users\/4"}],"replies":[{"embeddable":true,"href":"https:\/\/somallorca.com\/de\/wp-json\/wp\/v2\/comments?post=5097"}],"version-history":[{"count":1,"href":"https:\/\/somallorca.com\/de\/wp-json\/wp\/v2\/pages\/5097\/revisions"}],"predecessor-version":[{"id":5098,"href":"https:\/\/somallorca.com\/de\/wp-json\/wp\/v2\/pages\/5097\/revisions\/5098"}],"wp:attachment":[{"href":"https:\/\/somallorca.com\/de\/wp-json\/wp\/v2\/media?parent=5097"}],"curies":[{"name":"wp","href":"https:\/\/api.w.org\/{rel}","templated":true}]}}