{"id":2834,"date":"2026-02-18T09:53:52","date_gmt":"2026-02-18T09:53:52","guid":{"rendered":"https:\/\/somallorca.com\/barrierefreiheit\/"},"modified":"2026-03-31T21:12:49","modified_gmt":"2026-03-31T21:12:49","slug":"barrierefreiheit","status":"publish","type":"page","link":"https:\/\/somallorca.com\/de\/barrierefreiheit\/","title":{"rendered":"Barrierefreiheit"},"content":{"rendered":"\t\t<div data-elementor-type=\"wp-page\" data-elementor-id=\"2834\" class=\"elementor elementor-2834 elementor-1198\" data-elementor-post-type=\"page\">\n\t\t\t\t<div class=\"elementor-element elementor-element-78363e64 e-con-full e-flex e-con e-parent\" data-id=\"78363e64\" data-element_type=\"container\" data-e-type=\"container\">\n\t\t\t\t<div class=\"elementor-element elementor-element-2a9c321 elementor-widget elementor-widget-heading\" data-id=\"2a9c321\" data-element_type=\"widget\" data-e-type=\"widget\" data-widget_type=\"heading.default\">\n\t\t\t\t\t<h1 class=\"elementor-heading-title elementor-size-default\">Barrierefreiheit<\/h1>\t\t\t\t<\/div>\n\t\t\t\t<div class=\"elementor-element elementor-element-5f43c413 elementor-widget__width-initial elementor-widget elementor-widget-text-editor\" data-id=\"5f43c413\" data-element_type=\"widget\" data-e-type=\"widget\" data-widget_type=\"text-editor.default\">\n\t\t\t\t\t\t\t\t\t\n<p data-start=\"0\" data-end=\"76\">Diese Barrierefreiheitserkl\u00e4rung gilt f\u00fcr die Website https:\/\/somallorca.com<\/p>\n<p data-start=\"78\" data-end=\"99\"><strong data-start=\"78\" data-end=\"99\">KONFORMIT\u00c4TSSTATUS<\/strong><\/p>\n<p data-start=\"101\" data-end=\"267\">Diese Website ist teilweise konform mit dem <strong data-start=\"142\" data-end=\"183\">Royal Decree 1112\/2018 (RD 1112\/2018)<\/strong> aufgrund der in diesem Dokument aufgef\u00fchrten Ausnahmen bei nicht konformen Aspekten.<\/p>\n<p data-start=\"269\" data-end=\"295\"><strong data-start=\"269\" data-end=\"295\">NICHT BARRIEREFREIE INHALTE<\/strong><\/p>\n<p data-start=\"297\" data-end=\"366\">Die unten aufgef\u00fchrten Inhalte sind aus folgenden Gr\u00fcnden nicht barrierefrei zug\u00e4nglich:<\/p>\n<p data-start=\"368\" data-end=\"404\"><strong data-start=\"368\" data-end=\"404\">Non-compliance with RD 1112\/2018<\/strong><\/p>\n<ul data-start=\"406\" data-end=\"1090\">\n<li data-start=\"406\" data-end=\"586\">\n<p data-start=\"408\" data-end=\"586\">Einige Kontrastaspekte erreichen m\u00f6glicherweise nicht das Mindestverh\u00e4ltnis von 3:1 im Verh\u00e4ltnis zu benachbarten Hintergrundfarben in bestimmten Abschnitten der Website [9.1.4.11 Nicht-Textkontrast] <\/p>\n<\/li>\n<li data-start=\"587\" data-end=\"679\">\n<p data-start=\"589\" data-end=\"679\">Formularanweisungen sind m\u00f6glicherweise nicht richtig beschriftet [9.3.3.2 Beschriftungen f\u00fcr Anweisungen] <\/p>\n<\/li>\n<li data-start=\"680\" data-end=\"775\">\n<p data-start=\"682\" data-end=\"775\">Einige Statusmeldungen entsprechen m\u00f6glicherweise nicht den Mindestanforderungen [9.4.1.3 Statusmeldungen] <\/p>\n<\/li>\n<li data-start=\"776\" data-end=\"888\">\n<p data-start=\"778\" data-end=\"888\">Einige Fehlervorschl\u00e4ge erf\u00fcllen m\u00f6glicherweise nicht die vorgeschriebenen Mindestanforderungen.<br>[9.3.3.3 Fehlerhinweise (bedingt)] <\/p>\n<\/li>\n<li data-start=\"889\" data-end=\"1027\">\n<p data-start=\"891\" data-end=\"1027\">Es kann gelegentlich zu Problemen bei der sequentiellen Navigation auf der Website kommen, die deren Bedeutung oder Funktion beeintr\u00e4chtigen. [9.2.4.3 Fokusreihenfolge] <\/p>\n<\/li>\n<li data-start=\"1028\" data-end=\"1090\">\n<p data-start=\"1030\" data-end=\"1090\">There may be occasional editing errors on certain web pages.<\/p>\n<\/li>\n<\/ul>\n<p data-start=\"1092\" data-end=\"1119\"><strong data-start=\"1092\" data-end=\"1119\">Auf einzelnen Webseiten k\u00f6nnen gelegentlich Bearbeitungsfehler auftreten.<\/strong><\/p>\n<p data-start=\"1121\" data-end=\"1136\">Not applicable.<\/p>\n<p data-start=\"1138\" data-end=\"1185\"><strong data-start=\"1138\" data-end=\"1185\">Nicht zutreffend.<\/strong><\/p>\n<p data-start=\"1187\" data-end=\"1235\">Diese Erkl\u00e4rung wurde am 18. Februar 2026 erstellt.<\/p>\n<p data-start=\"1237\" data-end=\"1335\">Die Methode zur Erstellung dieser Erkl\u00e4rung bestand in einer Selbsteinsch\u00e4tzung, die vom Unternehmen selbst durchgef\u00fchrt wurde.<\/p>\n<p data-start=\"1337\" data-end=\"1373\"><strong data-start=\"1337\" data-end=\"1373\">KOMMENTARE UND KONTAKTDATEN<\/strong><\/p>\n<p data-start=\"1375\" data-end=\"1488\">Sie k\u00f6nnen Mitteilungen zu Barrierefreiheitsanforderungen (Artikel 10.2.a des RD 1112\/2018) einreichen, zum Beispiel:<\/p>\n<ul data-start=\"1490\" data-end=\"1709\">\n<li data-start=\"1490\" data-end=\"1547\">\n<p data-start=\"1492\" data-end=\"1547\">Meldung m\u00f6glicher Verst\u00f6\u00dfe gegen die Barrierefreiheitsanforderungen dieser Website<\/p>\n<\/li>\n<li data-start=\"1548\" data-end=\"1606\">\n<p data-start=\"1550\" data-end=\"1606\">Meldung anderer Zugangsprobleme zum Inhalt<\/p>\n<\/li>\n<li data-start=\"1607\" data-end=\"1709\">\n<p data-start=\"1609\" data-end=\"1709\">Einreichung sonstiger Fragen oder Verbesserungsvorschl\u00e4ge zur Barrierefreiheit der Website<\/p>\n<\/li>\n<\/ul>\n<p data-start=\"1711\" data-end=\"1753\">\u00dcber die Kontakt-E-Mail: <a class=\"decorated-link cursor-pointer\" rel=\"noopener\" data-start=\"1734\" data-end=\"1753\">hola@somallorca.com<\/a><\/p>\n<p data-start=\"1755\" data-end=\"1770\">Sie k\u00f6nnen einreichen:<\/p>\n<ul data-start=\"1772\" data-end=\"2107\">\n<li data-start=\"1772\" data-end=\"1850\">\n<p data-start=\"1774\" data-end=\"1850\">Eine Beschwerde hinsichtlich der Einhaltung der Anforderungen des RD 1112\/2018, oder<\/p>\n<\/li>\n<li data-start=\"1851\" data-end=\"2107\">\n<p data-start=\"1853\" data-end=\"1902\">Eine Anfrage nach barrierefreien Informationen zu:<\/p>\n<ul data-start=\"1906\" data-end=\"2107\">\n<li data-start=\"1906\" data-end=\"1996\">\n<p data-start=\"1908\" data-end=\"1996\">Inhalte, die vom Anwendungsbereich des RD 1112\/2018 gem\u00e4\u00df Artikel 3, Abschnitt 4 ausgenommen sind<\/p>\n<\/li>\n<li data-start=\"1999\" data-end=\"2107\">\n<p data-start=\"2001\" data-end=\"2107\">Inhalte, die von der Einhaltung der Barrierefreiheitsanforderungen ausgenommen sind, weil sie eine unverh\u00e4ltnism\u00e4\u00dfige Belastung darstellen<\/p>\n<\/li>\n<\/ul>\n<\/li>\n<\/ul>\n<p data-start=\"2109\" data-end=\"2285\">Im Antrag auf barrierefreie Informationen m\u00fcssen die Tatsachen, Gr\u00fcnde und die konkrete Anfrage klar angegeben werden, um nachzuweisen, dass es sich um eine angemessene und berechtigte Anfrage handelt.<\/p>\n<p data-start=\"2287\" data-end=\"2390\">Beschwerden und Reklamationen zu barrierefreien Informationen sollten \u00fcber die oben genannte E-Mail-Adresse eingereicht werden.<\/p>\n<p data-start=\"2392\" data-end=\"2417\"><strong data-start=\"2392\" data-end=\"2417\">VOLLZIEHUNGSVERFAHREN<\/strong><\/p>\n<p data-start=\"2419\" data-end=\"2786\" data-is-last-node=\"\" data-is-only-node=\"\">Wenn nach Einreichung eines Antrags auf barrierefreie Informationen oder einer Beschwerde eine Ablehnung erfolgt ist, der Antragsteller mit der getroffenen Entscheidung nicht einverstanden ist oder die Antwort nicht den Anforderungen des Artikels 12.5 entspricht, kann die betroffene Person ein f\u00f6rmliches Verfahren einleiten. Ein Verfahren kann auch eingeleitet werden, wenn zwanzig Arbeitstage ohne Antwort verstrichen sind. <\/p>\n\n<p> <\/p>\t\t\t\t\t\t\t\t<\/div>\n\t\t\t\t<\/div>\n\t\t\t\t<\/div>\n\t\t","protected":false},"excerpt":{"rendered":"<p>Barrierefreiheit Diese Barrierefreiheitserkl\u00e4rung gilt f\u00fcr die Website https:\/\/somallorca.com KONFORMIT\u00c4TSSTATUS Diese Website ist teilweise konform mit dem Royal Decree 1112\/2018 (RD 1112\/2018) aufgrund der in diesem Dokument aufgef\u00fchrten Ausnahmen bei nicht konformen Aspekten. NICHT BARRIEREFREIE INHALTE Die unten aufgef\u00fchrten Inhalte sind aus folgenden Gr\u00fcnden nicht barrierefrei zug\u00e4nglich: Non-compliance with RD 1112\/2018 Einige Kontrastaspekte erreichen m\u00f6glicherweise nicht [&hellip;]<\/p>\n","protected":false},"author":1,"featured_media":0,"parent":0,"menu_order":0,"comment_status":"closed","ping_status":"closed","template":"","meta":{"footnotes":""},"class_list":["post-2834","page","type-page","status-publish","hentry"],"_links":{"self":[{"href":"https:\/\/somallorca.com\/de\/wp-json\/wp\/v2\/pages\/2834","targetHints":{"allow":["GET"]}}],"collection":[{"href":"https:\/\/somallorca.com\/de\/wp-json\/wp\/v2\/pages"}],"about":[{"href":"https:\/\/somallorca.com\/de\/wp-json\/wp\/v2\/types\/page"}],"author":[{"embeddable":true,"href":"https:\/\/somallorca.com\/de\/wp-json\/wp\/v2\/users\/1"}],"replies":[{"embeddable":true,"href":"https:\/\/somallorca.com\/de\/wp-json\/wp\/v2\/comments?post=2834"}],"version-history":[{"count":3,"href":"https:\/\/somallorca.com\/de\/wp-json\/wp\/v2\/pages\/2834\/revisions"}],"predecessor-version":[{"id":2837,"href":"https:\/\/somallorca.com\/de\/wp-json\/wp\/v2\/pages\/2834\/revisions\/2837"}],"wp:attachment":[{"href":"https:\/\/somallorca.com\/de\/wp-json\/wp\/v2\/media?parent=2834"}],"curies":[{"name":"wp","href":"https:\/\/api.w.org\/{rel}","templated":true}]}}